{"id":15,"date":"2018-02-11T18:13:44","date_gmt":"2018-02-11T18:13:44","guid":{"rendered":"https:\/\/boreal.be\/?page_id=15"},"modified":"2018-05-28T17:11:26","modified_gmt":"2018-05-28T17:11:26","slug":"aide-a-la-decision","status":"publish","type":"page","link":"https:\/\/boreal.be\/?page_id=15","title":{"rendered":"Aide \u00e0 la d\u00e9cision"},"content":{"rendered":"<p style=\"text-align: justify;\">\u00ab Aide \u00e0 la d\u00e9cision \u00bb est une activit\u00e9 de conseils personnalis\u00e9s aupr\u00e8s de chefs d&rsquo;entreprise qui souhaitent engager une r\u00e9flexion sur les courts, moyens et longs termes avec un conseiller ext\u00e9rieur exp\u00e9riment\u00e9 faisant office de miroir.<\/p>\n<p style=\"text-align: justify;\">Les chefs d&rsquo;entreprise sont souvent seuls pour prendre des d\u00e9cisions cruciales et l&rsquo;apport d&rsquo;une vision ext\u00e9rieure, \u00ab un miroir \u00bb, se r\u00e9v\u00e8le b\u00e9n\u00e9fique afin d&rsquo;obtenir un avis objectif et totalement ind\u00e9pendant.<\/p>\n<p>Bor\u00e9al propose, \u00e0 ce niveau, les services suivants\u00a0 :<\/p>\n<p style=\"padding-left: 90px;\"><span class=\"ms-rteThemeForeColor-2-0\">&#8211; Strat\u00e9gie d&rsquo;entreprise <\/span><\/p>\n<p style=\"padding-left: 90px;\"><span class=\"ms-rteThemeForeColor-2-0\">&#8211; Diagnostic g\u00e9n\u00e9ral<\/span><\/p>\n<p style=\"padding-left: 90px;\"><span class=\"ms-rteThemeForeColor-2-0\">&#8211; Diagnostic export<\/span><\/p>\n<p style=\"padding-left: 90px;\"><span class=\"ms-rteThemeForeColor-2-0\">&#8211; Construction de business plan<\/span><\/p>\n<p style=\"padding-left: 90px;\"><span class=\"ms-rteThemeForeColor-2-0\">&#8211; \u00c9tablissement de tableaux de bord<\/span><\/p>\n<p style=\"padding-left: 90px;\"><span class=\"ms-rteThemeForeColor-2-0\">&#8211; \u00c9tablissement de budget<\/span><\/p>\n<p style=\"padding-left: 90px;\"><span class=\"ms-rteThemeForeColor-2-0\">&#8211; \u00c9tudes de march\u00e9<\/span><\/p>\n<p style=\"padding-left: 90px;\"><span class=\"ms-rteThemeForeColor-2-0\">&#8211; Diagnostic fonctionnel<\/span><\/p>\n<p style=\"text-align: justify;\">Notre approche se veut avant tout pragmatique et orient\u00e9e vers des objectifs clairement d\u00e9finis.<\/p>\n<p style=\"text-align: justify;\">Apr\u00e8s un diagnostic de la situation pr\u00e9sente, nous \u00e9tablissons avec le chef d&rsquo;entreprise un plan d&rsquo;action d\u00e9taill\u00e9 que nous contribuons \u00e0 mettre en \u0153uvre en fonction de la situation cible d\u00e9finie.<\/p>\n<p style=\"text-align: justify;\">Notre action s&rsquo;inscrit dans le temps et se concr\u00e9tise par la suite par un accompagnement de type organisation ou coaching si le client le souhaite.<\/p>\n","protected":false},"excerpt":{"rendered":"<p>\u00ab Aide \u00e0 la d\u00e9cision \u00bb est une activit\u00e9 de conseils personnalis\u00e9s aupr\u00e8s de chefs d&rsquo;entreprise qui souhaitent engager une r\u00e9flexion sur les courts, moyens et longs termes avec un conseiller ext\u00e9rieur exp\u00e9riment\u00e9 faisant office de miroir. Les chefs d&rsquo;entreprise sont souvent seuls pour prendre des d\u00e9cisions cruciales et l&rsquo;apport d&rsquo;une vision ext\u00e9rieure, \u00ab un &hellip; <\/p>\n<p class=\"link-more\"><a href=\"https:\/\/boreal.be\/?page_id=15\" class=\"more-link\">Continuer la lecture<span class=\"screen-reader-text\"> de &laquo;&nbsp;Aide \u00e0 la d\u00e9cision&nbsp;&raquo;<\/span><\/a><\/p>\n","protected":false},"author":1,"featured_media":121,"parent":0,"menu_order":0,"comment_status":"closed","ping_status":"closed","template":"","meta":{"footnotes":""},"class_list":["post-15","page","type-page","status-publish","has-post-thumbnail","hentry"],"_links":{"self":[{"href":"https:\/\/boreal.be\/index.php?rest_route=\/wp\/v2\/pages\/15","targetHints":{"allow":["GET"]}}],"collection":[{"href":"https:\/\/boreal.be\/index.php?rest_route=\/wp\/v2\/pages"}],"about":[{"href":"https:\/\/boreal.be\/index.php?rest_route=\/wp\/v2\/types\/page"}],"author":[{"embeddable":true,"href":"https:\/\/boreal.be\/index.php?rest_route=\/wp\/v2\/users\/1"}],"replies":[{"embeddable":true,"href":"https:\/\/boreal.be\/index.php?rest_route=%2Fwp%2Fv2%2Fcomments&post=15"}],"version-history":[{"count":8,"href":"https:\/\/boreal.be\/index.php?rest_route=\/wp\/v2\/pages\/15\/revisions"}],"predecessor-version":[{"id":187,"href":"https:\/\/boreal.be\/index.php?rest_route=\/wp\/v2\/pages\/15\/revisions\/187"}],"wp:featuredmedia":[{"embeddable":true,"href":"https:\/\/boreal.be\/index.php?rest_route=\/wp\/v2\/media\/121"}],"wp:attachment":[{"href":"https:\/\/boreal.be\/index.php?rest_route=%2Fwp%2Fv2%2Fmedia&parent=15"}],"curies":[{"name":"wp","href":"https:\/\/api.w.org\/{rel}","templated":true}]}}