{"id":16,"date":"2018-02-11T18:13:44","date_gmt":"2018-02-11T18:13:44","guid":{"rendered":"https:\/\/boreal.be\/?page_id=16"},"modified":"2018-02-23T12:04:55","modified_gmt":"2018-02-23T12:04:55","slug":"organisation","status":"publish","type":"page","link":"https:\/\/boreal.be\/?page_id=16","title":{"rendered":"Organisation"},"content":{"rendered":"<p style=\"text-align: justify;\">Nos exp\u00e9riences multiples et pluridisciplinaires en mati\u00e8re de gestion nous permettent d&rsquo;offrir \u00e0 nos clients une vision externe quant \u00e0 l&rsquo;organisation optimale n\u00e9cessaire au bon fonctionnement de l&rsquo;entreprise.<\/p>\n<p style=\"text-align: justify;\">Notre travail repose dans un premier temps sur un audit fonctionnel lors duquel, au travers d&rsquo;interviews individuelles ou de groupes, nous recommandons des lignes de force en mati\u00e8re de gestion de l&rsquo;espace et de gestion des hommes.<\/p>\n<p style=\"text-align: justify;\">Notre travail s&rsquo;articule de la fa\u00e7on suivante :<\/p>\n<p style=\"padding-left: 90px;\"><span class=\"ms-rteThemeForeColor-2-0\">Objectifs globaux de l&rsquo;entreprise et par service<\/span><\/p>\n<p style=\"padding-left: 90px;\"><span class=\"ms-rteThemeForeColor-2-0\">Red\u00e9finition de l&rsquo;organigramme<\/span><\/p>\n<p style=\"padding-left: 90px;\"><span class=\"ms-rteThemeForeColor-2-0\">Descriptif des fonctions<\/span><\/p>\n<p style=\"padding-left: 90px;\"><span class=\"ms-rteThemeForeColor-2-0\">Objectifs individuels<\/span><\/p>\n<p style=\"text-align: justify;\">Si n\u00e9cessaire, nous accompagnons l&rsquo;entreprise dans une d\u00e9marche d&rsquo;appr\u00e9ciation de type \u00a0\u00bb Merit Rating \u00ab\u00a0.<\/p>\n","protected":false},"excerpt":{"rendered":"<p>Nos exp\u00e9riences multiples et pluridisciplinaires en mati\u00e8re de gestion nous permettent d&rsquo;offrir \u00e0 nos clients une vision externe quant \u00e0 l&rsquo;organisation optimale n\u00e9cessaire au bon fonctionnement de l&rsquo;entreprise. Notre travail repose dans un premier temps sur un audit fonctionnel lors duquel, au travers d&rsquo;interviews individuelles ou de groupes, nous recommandons des lignes de force en &hellip; <\/p>\n<p class=\"link-more\"><a href=\"https:\/\/boreal.be\/?page_id=16\" class=\"more-link\">Continuer la lecture<span class=\"screen-reader-text\"> de &laquo;&nbsp;Organisation&nbsp;&raquo;<\/span><\/a><\/p>\n","protected":false},"author":1,"featured_media":118,"parent":0,"menu_order":0,"comment_status":"closed","ping_status":"closed","template":"","meta":{"footnotes":""},"class_list":["post-16","page","type-page","status-publish","has-post-thumbnail","hentry"],"_links":{"self":[{"href":"https:\/\/boreal.be\/index.php?rest_route=\/wp\/v2\/pages\/16","targetHints":{"allow":["GET"]}}],"collection":[{"href":"https:\/\/boreal.be\/index.php?rest_route=\/wp\/v2\/pages"}],"about":[{"href":"https:\/\/boreal.be\/index.php?rest_route=\/wp\/v2\/types\/page"}],"author":[{"embeddable":true,"href":"https:\/\/boreal.be\/index.php?rest_route=\/wp\/v2\/users\/1"}],"replies":[{"embeddable":true,"href":"https:\/\/boreal.be\/index.php?rest_route=%2Fwp%2Fv2%2Fcomments&post=16"}],"version-history":[{"count":6,"href":"https:\/\/boreal.be\/index.php?rest_route=\/wp\/v2\/pages\/16\/revisions"}],"predecessor-version":[{"id":104,"href":"https:\/\/boreal.be\/index.php?rest_route=\/wp\/v2\/pages\/16\/revisions\/104"}],"wp:featuredmedia":[{"embeddable":true,"href":"https:\/\/boreal.be\/index.php?rest_route=\/wp\/v2\/media\/118"}],"wp:attachment":[{"href":"https:\/\/boreal.be\/index.php?rest_route=%2Fwp%2Fv2%2Fmedia&parent=16"}],"curies":[{"name":"wp","href":"https:\/\/api.w.org\/{rel}","templated":true}]}}