{"id":167,"date":"2018-05-28T08:22:35","date_gmt":"2018-05-28T08:22:35","guid":{"rendered":"https:\/\/boreal.be\/?page_id=167"},"modified":"2018-05-28T08:22:35","modified_gmt":"2018-05-28T08:22:35","slug":"developpement-commercial","status":"publish","type":"page","link":"https:\/\/boreal.be\/?page_id=167","title":{"rendered":"D\u00e9veloppement commercial"},"content":{"rendered":"<p>Bor\u00e9al vous conseille dans vos d\u00e9veloppements commerciaux tant en Belgique qu&rsquo;\u00e0 l&rsquo;\u00e9tranger. Notre exp\u00e9rience des march\u00e9s d&rsquo;exportation vous permettra d&rsquo;envisager la conqu\u00eate de ceux-ci avec\u00a0 pragmatisme et de mani\u00e8re organis\u00e9e.<\/p>\n<p>Notre d\u00e9marche est bas\u00e9e sur une approche pointue du calcul des marges et du potentiel des march\u00e9s.<\/p>\n","protected":false},"excerpt":{"rendered":"<p>Bor\u00e9al vous conseille dans vos d\u00e9veloppements commerciaux tant en Belgique qu&rsquo;\u00e0 l&rsquo;\u00e9tranger. Notre exp\u00e9rience des march\u00e9s d&rsquo;exportation vous permettra d&rsquo;envisager la conqu\u00eate de ceux-ci avec\u00a0 pragmatisme et de mani\u00e8re organis\u00e9e. Notre d\u00e9marche est bas\u00e9e sur une approche pointue du calcul des marges et du potentiel des march\u00e9s.<\/p>\n","protected":false},"author":1,"featured_media":0,"parent":0,"menu_order":0,"comment_status":"closed","ping_status":"closed","template":"","meta":{"footnotes":""},"class_list":["post-167","page","type-page","status-publish","hentry"],"_links":{"self":[{"href":"https:\/\/boreal.be\/index.php?rest_route=\/wp\/v2\/pages\/167","targetHints":{"allow":["GET"]}}],"collection":[{"href":"https:\/\/boreal.be\/index.php?rest_route=\/wp\/v2\/pages"}],"about":[{"href":"https:\/\/boreal.be\/index.php?rest_route=\/wp\/v2\/types\/page"}],"author":[{"embeddable":true,"href":"https:\/\/boreal.be\/index.php?rest_route=\/wp\/v2\/users\/1"}],"replies":[{"embeddable":true,"href":"https:\/\/boreal.be\/index.php?rest_route=%2Fwp%2Fv2%2Fcomments&post=167"}],"version-history":[{"count":1,"href":"https:\/\/boreal.be\/index.php?rest_route=\/wp\/v2\/pages\/167\/revisions"}],"predecessor-version":[{"id":168,"href":"https:\/\/boreal.be\/index.php?rest_route=\/wp\/v2\/pages\/167\/revisions\/168"}],"wp:attachment":[{"href":"https:\/\/boreal.be\/index.php?rest_route=%2Fwp%2Fv2%2Fmedia&parent=167"}],"curies":[{"name":"wp","href":"https:\/\/api.w.org\/{rel}","templated":true}]}}