{"id":17,"date":"2018-02-11T18:13:44","date_gmt":"2018-02-11T18:13:44","guid":{"rendered":"https:\/\/boreal.be\/?page_id=17"},"modified":"2018-05-28T08:36:52","modified_gmt":"2018-05-28T08:36:52","slug":"coaching-et-formation","status":"publish","type":"page","link":"https:\/\/boreal.be\/?page_id=17","title":{"rendered":"Coaching et formation"},"content":{"rendered":"<div class=\"ms-tableCell ms-verticalAlignTop\">L&rsquo;objectif du coaching est d&rsquo;accompagner l&rsquo;organisation\u00a0et ses acteurs dans les processus de changement en \u00e9tablissant avec eux une liste de priorit\u00e9s et d&rsquo;attitudes appropri\u00e9es.<\/div>\n<div id=\"contentBox\" class=\"ms-pub-contentLayout ms-verticalAlignTop\" aria-live=\"polite\" aria-relevant=\"all\">\n<div id=\"DeltaPlaceHolderMain\">\n<div class=\"layout-col fullPageLayout ms-verticalAlignTop layout-col-Coaching fullPageLayout-Coaching ms-verticalAlignTop-Coaching\">\n<div class=\"fullPageLayout-inner fullPageLayout-inner-Coaching\">\n<div id=\"ctl00_PlaceHolderMain_ctl02__ControlWrapper_RichHtmlField\" class=\"ms-rtestate-field\" aria-labelledby=\"ctl00_PlaceHolderMain_ctl02_label\">\n<p style=\"text-align: justify;\">La mission de Bor\u00e9al dans un tel contexte est d&rsquo;encadrer les d\u00e9cisionnaires afin de leur faire jouer un r\u00f4le moteur dans l&rsquo;atteinte des objectifs fix\u00e9s tout en adoptant des comportements individuels ou de groupes ayant un effet multiplicateur sur l&rsquo;implication de chacun.<\/p>\n<p style=\"text-align: justify;\">Le r\u00f4le du coach est de faciliter l&rsquo;apprentissage par l&rsquo;exp\u00e9rience surtout au niveau comportemental.<\/p>\n<p style=\"text-align: justify;\">Cet apprentissage se fait \u00e9galement au travers de programmes de formation que Bor\u00e9al a d\u00e9velopp\u00e9s dans des domaines tels que :<\/p>\n<p style=\"text-align: justify;\">\u00a0\u00a0\u00a0\u00a0\u00a0\u00a0\u00a0\u00a0\u00a0\u00a0\u00a0\u00a0\u00a0\u00a0\u00a0\u00a0\u00a0\u00a0 &#8211; Techniques de n\u00e9gociation<\/p>\n<p style=\"text-align: justify;\">\u00a0\u00a0\u00a0\u00a0\u00a0\u00a0\u00a0\u00a0\u00a0\u00a0\u00a0\u00a0\u00a0\u00a0\u00a0\u00a0\u00a0\u00a0 &#8211; Techniques de vente<\/p>\n<p>\u00a0\u00a0\u00a0\u00a0\u00a0\u00a0\u00a0\u00a0\u00a0\u00a0\u00a0\u00a0\u00a0\u00a0\u00a0\u00a0\u00a0\u00a0\u00a0 &#8211; Gestion du temps<\/p>\n<p>&#8211; Gestion du stress<\/p>\n<p>&#8211; Gestion des conflits<\/p>\n<p>&#8211; Techniques de r\u00e9union.<\/p>\n<\/div>\n<\/div>\n<\/div>\n<\/div>\n<\/div>\n","protected":false},"excerpt":{"rendered":"<p>L&rsquo;objectif du coaching est d&rsquo;accompagner l&rsquo;organisation\u00a0et ses acteurs dans les processus de changement en \u00e9tablissant avec eux une liste de priorit\u00e9s et d&rsquo;attitudes appropri\u00e9es. La mission de Bor\u00e9al dans un tel contexte est d&rsquo;encadrer les d\u00e9cisionnaires afin de leur faire jouer un r\u00f4le moteur dans l&rsquo;atteinte des objectifs fix\u00e9s tout en adoptant des comportements individuels &hellip; <\/p>\n<p class=\"link-more\"><a href=\"https:\/\/boreal.be\/?page_id=17\" class=\"more-link\">Continuer la lecture<span class=\"screen-reader-text\"> de &laquo;&nbsp;Coaching et formation&nbsp;&raquo;<\/span><\/a><\/p>\n","protected":false},"author":1,"featured_media":119,"parent":0,"menu_order":0,"comment_status":"closed","ping_status":"closed","template":"","meta":{"footnotes":""},"class_list":["post-17","page","type-page","status-publish","has-post-thumbnail","hentry"],"_links":{"self":[{"href":"https:\/\/boreal.be\/index.php?rest_route=\/wp\/v2\/pages\/17","targetHints":{"allow":["GET"]}}],"collection":[{"href":"https:\/\/boreal.be\/index.php?rest_route=\/wp\/v2\/pages"}],"about":[{"href":"https:\/\/boreal.be\/index.php?rest_route=\/wp\/v2\/types\/page"}],"author":[{"embeddable":true,"href":"https:\/\/boreal.be\/index.php?rest_route=\/wp\/v2\/users\/1"}],"replies":[{"embeddable":true,"href":"https:\/\/boreal.be\/index.php?rest_route=%2Fwp%2Fv2%2Fcomments&post=17"}],"version-history":[{"count":5,"href":"https:\/\/boreal.be\/index.php?rest_route=\/wp\/v2\/pages\/17\/revisions"}],"predecessor-version":[{"id":174,"href":"https:\/\/boreal.be\/index.php?rest_route=\/wp\/v2\/pages\/17\/revisions\/174"}],"wp:featuredmedia":[{"embeddable":true,"href":"https:\/\/boreal.be\/index.php?rest_route=\/wp\/v2\/media\/119"}],"wp:attachment":[{"href":"https:\/\/boreal.be\/index.php?rest_route=%2Fwp%2Fv2%2Fmedia&parent=17"}],"curies":[{"name":"wp","href":"https:\/\/api.w.org\/{rel}","templated":true}]}}