{"id":34,"date":"2018-02-11T18:23:30","date_gmt":"2018-02-11T18:23:30","guid":{"rendered":"https:\/\/boreal.be\/?page_id=34"},"modified":"2018-05-28T08:44:42","modified_gmt":"2018-05-28T08:44:42","slug":"services-offerts","status":"publish","type":"page","link":"https:\/\/boreal.be\/?page_id=34","title":{"rendered":"Services offerts"},"content":{"rendered":"<p style=\"text-align: justify;\">Les services de Bor\u00e9al s&rsquo;articulent sur quatre p\u00f4les :<\/p>\n<p style=\"text-align: justify;\">\u00a0\u00a0\u00a0\u00a0\u00a0\u00a0 &#8211; <a href=\"https:\/\/boreal.be\/?page_id=15\">L&rsquo;aide \u00e0 la d\u00e9cision<\/a><\/p>\n<p style=\"text-align: justify;\">\u00a0\u00a0\u00a0\u00a0\u00a0\u00a0 &#8211; <a href=\"https:\/\/boreal.be\/?page_id=16\">L&rsquo;organisation et la r\u00e9organisation d&rsquo;entreprise<\/a><\/p>\n<p>\u00a0\u00a0\u00a0\u00a0\u00a0\u00a0 &#8211; <a href=\"https:\/\/boreal.be\/?page_id=167\">Le d\u00e9veloppement commercial<\/a><\/p>\n<p style=\"text-align: justify;\">\u00a0\u00a0\u00a0\u00a0\u00a0\u00a0 &#8211; <a href=\"https:\/\/boreal.be\/?page_id=17\">Le coaching et la formation<\/a><\/p>\n<p style=\"text-align: justify;\">Notre passion est de vous accompagner dans vos projets en captant de nouvelles \u00e9nergies, en donnant du sens \u00e0 vos visions, en vous aidant \u00e0 atteindre les r\u00e9sultats souhait\u00e9s.<\/p>\n","protected":false},"excerpt":{"rendered":"<p>Les services de Bor\u00e9al s&rsquo;articulent sur quatre p\u00f4les : \u00a0\u00a0\u00a0\u00a0\u00a0\u00a0 &#8211; L&rsquo;aide \u00e0 la d\u00e9cision \u00a0\u00a0\u00a0\u00a0\u00a0\u00a0 &#8211; L&rsquo;organisation et la r\u00e9organisation d&rsquo;entreprise \u00a0\u00a0\u00a0\u00a0\u00a0\u00a0 &#8211; Le d\u00e9veloppement commercial \u00a0\u00a0\u00a0\u00a0\u00a0\u00a0 &#8211; Le coaching et la formation Notre passion est de vous accompagner dans vos projets en captant de nouvelles \u00e9nergies, en donnant du sens \u00e0 vos visions, &hellip; <\/p>\n<p class=\"link-more\"><a href=\"https:\/\/boreal.be\/?page_id=34\" class=\"more-link\">Continuer la lecture<span class=\"screen-reader-text\"> de &laquo;&nbsp;Services offerts&nbsp;&raquo;<\/span><\/a><\/p>\n","protected":false},"author":1,"featured_media":0,"parent":0,"menu_order":0,"comment_status":"closed","ping_status":"closed","template":"","meta":{"footnotes":""},"class_list":["post-34","page","type-page","status-publish","hentry"],"_links":{"self":[{"href":"https:\/\/boreal.be\/index.php?rest_route=\/wp\/v2\/pages\/34","targetHints":{"allow":["GET"]}}],"collection":[{"href":"https:\/\/boreal.be\/index.php?rest_route=\/wp\/v2\/pages"}],"about":[{"href":"https:\/\/boreal.be\/index.php?rest_route=\/wp\/v2\/types\/page"}],"author":[{"embeddable":true,"href":"https:\/\/boreal.be\/index.php?rest_route=\/wp\/v2\/users\/1"}],"replies":[{"embeddable":true,"href":"https:\/\/boreal.be\/index.php?rest_route=%2Fwp%2Fv2%2Fcomments&post=34"}],"version-history":[{"count":8,"href":"https:\/\/boreal.be\/index.php?rest_route=\/wp\/v2\/pages\/34\/revisions"}],"predecessor-version":[{"id":175,"href":"https:\/\/boreal.be\/index.php?rest_route=\/wp\/v2\/pages\/34\/revisions\/175"}],"wp:attachment":[{"href":"https:\/\/boreal.be\/index.php?rest_route=%2Fwp%2Fv2%2Fmedia&parent=34"}],"curies":[{"name":"wp","href":"https:\/\/api.w.org\/{rel}","templated":true}]}}