{"id":35,"date":"2018-02-11T18:23:30","date_gmt":"2018-02-11T18:23:30","guid":{"rendered":"https:\/\/boreal.be\/?page_id=35"},"modified":"2018-02-23T14:41:40","modified_gmt":"2018-02-23T14:41:40","slug":"agrements-et-references","status":"publish","type":"page","link":"https:\/\/boreal.be\/?page_id=35","title":{"rendered":"Agr\u00e9ments et r\u00e9f\u00e9rences"},"content":{"rendered":"<p style=\"text-align: justify;\">Nos clients appartiennent tant au domaine des entreprises priv\u00e9es que publiques ainsi qu&rsquo;au domaine du secteur non marchand tel que la sant\u00e9.<\/p>\n<p style=\"text-align: justify;\">Il s&rsquo;agit aussi bien de multinationales que de PME ou de minist\u00e8res.<\/p>\n<p style=\"text-align: justify;\">Notre \u00ab\u00a0r\u00e9seau partenaire\u00a0\u00bb couvre le territoire fran\u00e7ais et luxembourgeois.<\/p>\n<p style=\"text-align: justify;\">Par souci de discr\u00e9tion, nous ne diffusons pas le nom de nos clients.<\/p>\n<p style=\"text-align: justify;\">Lors d&rsquo;une \u00e9ventuelle rencontre, nous vous communiquerons des r\u00e9f\u00e9rences cadrant avec la mission que vous souhaitez nous confier, ce en accord avec les mandants qui l&rsquo;ont accept\u00e9.<\/p>\n","protected":false},"excerpt":{"rendered":"<p>Nos clients appartiennent tant au domaine des entreprises priv\u00e9es que publiques ainsi qu&rsquo;au domaine du secteur non marchand tel que la sant\u00e9. Il s&rsquo;agit aussi bien de multinationales que de PME ou de minist\u00e8res. Notre \u00ab\u00a0r\u00e9seau partenaire\u00a0\u00bb couvre le territoire fran\u00e7ais et luxembourgeois. Par souci de discr\u00e9tion, nous ne diffusons pas le nom de nos &hellip; <\/p>\n<p class=\"link-more\"><a href=\"https:\/\/boreal.be\/?page_id=35\" class=\"more-link\">Continuer la lecture<span class=\"screen-reader-text\"> de &laquo;&nbsp;Agr\u00e9ments et r\u00e9f\u00e9rences&nbsp;&raquo;<\/span><\/a><\/p>\n","protected":false},"author":1,"featured_media":126,"parent":0,"menu_order":0,"comment_status":"closed","ping_status":"closed","template":"","meta":{"footnotes":""},"class_list":["post-35","page","type-page","status-publish","has-post-thumbnail","hentry"],"_links":{"self":[{"href":"https:\/\/boreal.be\/index.php?rest_route=\/wp\/v2\/pages\/35","targetHints":{"allow":["GET"]}}],"collection":[{"href":"https:\/\/boreal.be\/index.php?rest_route=\/wp\/v2\/pages"}],"about":[{"href":"https:\/\/boreal.be\/index.php?rest_route=\/wp\/v2\/types\/page"}],"author":[{"embeddable":true,"href":"https:\/\/boreal.be\/index.php?rest_route=\/wp\/v2\/users\/1"}],"replies":[{"embeddable":true,"href":"https:\/\/boreal.be\/index.php?rest_route=%2Fwp%2Fv2%2Fcomments&post=35"}],"version-history":[{"count":3,"href":"https:\/\/boreal.be\/index.php?rest_route=\/wp\/v2\/pages\/35\/revisions"}],"predecessor-version":[{"id":127,"href":"https:\/\/boreal.be\/index.php?rest_route=\/wp\/v2\/pages\/35\/revisions\/127"}],"wp:featuredmedia":[{"embeddable":true,"href":"https:\/\/boreal.be\/index.php?rest_route=\/wp\/v2\/media\/126"}],"wp:attachment":[{"href":"https:\/\/boreal.be\/index.php?rest_route=%2Fwp%2Fv2%2Fmedia&parent=35"}],"curies":[{"name":"wp","href":"https:\/\/api.w.org\/{rel}","templated":true}]}}